{"id":5,"date":"2022-07-09T14:18:12","date_gmt":"2022-07-09T14:18:12","guid":{"rendered":"https:\/\/spcsteenwijk.nl\/index.php\/mesmerize\/"},"modified":"2025-03-19T10:47:21","modified_gmt":"2025-03-19T10:47:21","slug":"mesmerize","status":"publish","type":"page","link":"https:\/\/spcsteenwijk.nl\/","title":{"rendered":"Front Page"},"content":{"rendered":"<div  id=\"overlappable-4\" style=\"background-color: rgb(255, 255, 255); background-image: none;\" data-label=\"Overlappable\" data-id=\"overlappable-4\" data-export-id=\"overlappable-4\" data-category=\"overlappable\" class=\"overlappable-4 content-section content-section-spacing\" data-overlap=\"true\"><div  class=\"gridContainer\"> <div  data-type=\"row\" class=\"row spaced-cols text-center\"><div  class=\"col-xs-12 col-sm-4 col-padding col-md-4 \"> <a  data-cp-link=\"1\" href=\"https:\/\/spcsteenwijk.nl\/index.php\/lotgenoot-en-zelfhulpgroepen\" target=\"_blank\" rel=\"noopener\"><i  class=\"fa icon shadow-large-black aligncenter color1 fa-users bordered round large\"><\/i><\/a> <div  data-type=\"column\" class=\"\"> <h5  class=\"\">Lotgenotencontact<\/h5> <p  class=\"\">Waarom zou je met anderen praten over je suicidale gedachten? En met wie zou je dan kunnen praten?<\/p><a  class=\"button blue\" href=\"#lotgenoten\" target=\"_self\" data-cp-link=\"1\" rel=\"noopener\">Lees meer<\/a><\/div> <\/div>  <div  class=\"col-xs-12 col-sm-4 col-padding col-md-4 \"> <a  data-cp-link=\"1\" href=\"https:\/\/spcsteenwijk.nl\/index.php\/een-kopje-koffie-en-een-luisterend-oor\" target=\"_self\" rel=\"noopener\"><i  class=\"fa icon shadow-large-black aligncenter color1 fa-coffee bordered round large\"><\/i><\/a> <div  data-type=\"column\" class=\"\"><h5  class=\"\">Koffie en een luisterend oor<\/h5> <p  class=\"\">Soms wil je gewoon even met iemand praten. Gewoon bij een kopje koffie even je gedachten uitspreken, je hart luchten.<\/p><a  class=\"button blue\" href=\"https:\/\/spcsteenwijk.nl\/index.php\/een-kopje-koffie-en-een-luisterend-oor\" target=\"_self\" data-cp-link=\"1\" rel=\"noopener\">Lees meer<\/a><\/div> <\/div><div  class=\"col-xs-12 col-sm-4 col-padding col-md-4 \"> <a  data-cp-link=\"1\" href=\"https:\/\/spcsteenwijk.nl\/index.php\/individuele-ondersteuning\" target=\"_self\" rel=\"noopener\"><i  class=\"fa icon shadow-large-black aligncenter color1 fa-anchor bordered round large\"><\/i><\/a> <div  data-type=\"column\" class=\"\"> <h5  class=\"\">Individuele ondersteuning<\/h5> <p  class=\"\">Anker is een preventieve aanpak om mensen die te maken hebben met su\u00efcidaliteit extra ondersteuning te bieden.&nbsp;<\/p><a  class=\"button blue\" href=\"https:\/\/spcsteenwijk.nl\/index.php\/individuele-ondersteuning\" target=\"_self\" data-cp-link=\"1\" rel=\"noopener\">Lees meer<\/a><\/div> <\/div><\/div> <\/div><\/div><div  data-label=\"Lotgenoten\" data-id=\"content--2\" data-export-id=\"content-2\" data-category=\"content\" class=\"content-2 content-section content-section-spacing\" id=\"lotgenoten\" style=\"background-color: rgb(255, 255, 255); background-image: none;\"><div > <div  class=\"row middle-xs\"><div  class=\"col-sm-5 bg-image shadow-large-black\" data-bg=\"image\" style=\"background-image: url(&quot;https:\/\/spcsteenwijk.nl\/wp-content\/uploads\/2022\/07\/cropped-Steenwijk-bericht-2.jpeg&quot;);\"><\/div> <div  class=\"col-sm-7 full-col-left-padding full-col-right-padding\"> <div  class=\"row\"> <div  data-type=\"column\" class=\"space-bottom-small content-title-col\">  <h2  class=\"\">In gesprek met lotgenoten<\/h2> <p  class=\"\">Het praten over je doodswens, je su\u00efcidale gedachten, is meestal moeilijk. Niet alleen als je er zelf mee te maken hebt, maar ook als je iemand in je omgeving hebt die deze wens of gedachten heeft. Vaak durf\/wil je er niemand mee belasten of ben je bang dat anderen je niet serieus nemen. Soms komt het ook omdat je je een beetje (of erg veel) schaamt voor wat er aan de hand is. Dat je liever niet wilt dat iemand anders het weet. Toch kan het je erg helpen om er met iemand over te praten.<\/p><\/div> <\/div> <div  class=\"row spaced-cols \" data-type=\"row\"> <div  class=\"col-xs-6\" data-type=\"column\"> <h5  class=\"\">Over Leven<\/h5> <p  class=\"\">Geen moeilijke gesprekken over je verleden, geen gewroet in je trauma\u2019s. Het gaat om hoe je nu het leven ervaart, waar je nu tegen aanloopt en wat je nodig hebt om je nu staande te houden. Het gaat om het luchten van je hart, het vinden van herkenning, en de bewustwording dat je echt de enige niet bent.<\/p><a  class=\"button blue\" href=\"https:\/\/spcsteenwijk.nl\/index.php\/over-leven-lotgenootgroep\" target=\"_self\" data-cp-link=\"1\">Meer lezen<\/a><\/div> <div  class=\"col-xs-6\" data-type=\"column\"><h5  class=\"\">Mee Leven<\/h5> <p  class=\"\">In de zelfhulpgroep Mee Leven (voor naasten) vind je mensen die hetzelfde als jou meemaken. Zij zijn net als jou opzoek naar handvatten om met de situatie om te gaan. Door daar met elkaar over te praten kunnen wij elkaar ondersteunen en helpen om die handvatten te vinden en ook daadwerkelijk in te zetten.&nbsp;<\/p><a  class=\"button blue\" href=\"https:\/\/spcsteenwijk.nl\/index.php\/mee-leven-zelfhulpgroep-naasten\" target=\"_self\" data-cp-link=\"1\">Meer lezen<\/a><\/div>   <\/div><\/div> <\/div><\/div> <\/div><div  data-label=\"WITL\" data-id=\"content--3\" data-export-id=\"content-7\" data-category=\"content\" class=\"content-7 content-section content-section-spacing\" id=\"witl\" style=\"background-color: rgb(245, 250, 253); background-image: none;\"><div  class=\"gridContainer\"> <div  class=\"row middle-sm\"><div  class=\"col-sm-6 space-bottom-xs\" data-type=\"column\"> <h2  class=\"\">Walk into the Light 2025<\/h2> <p  class=\"\">Tijdens de Wereld Su\u00efcide Preventie Week, van 8 tot 14 september 2025, wordt het landelijke evenement Walk into the Light weer georganiseerd.<br ><br >Dit jaarlijkse evenement -georganiseerd door Stichting Su\u00efcide Preventie Centrum in samenwerking met lokale organisaties- biedt mensen de kans om gezamenlijk stil te staan bij de impact van su\u00efcide en su\u00efcidaliteit, aandacht te geven aan naasten, nabestaanden en iedereen die zelf met su\u00efcidale gedachten worstelt.<br ><br >De wandelingen vinden plaats bij zonsopgang en zijn gemiddeld 4 kilometer lang, zodat ze voor een brede groep toegankelijk zijn.<br ><br >We streven ernaar om ook dit jaar in elke provincie minstens \u00e9\u00e9n wandeling te organiseren, bij voorkeur meerdere, en ook de grotere steden goed te vertegenwoordigen. Dit geeft een nog breder publiek de kans om deel te nemen en de verbondenheid te ervaren die zo essentieel is in het tegengaan van su\u00efcidale gedachten.<\/p> <a  class=\"button color1\" href=\"https:\/\/walkintothelight.nl\/walk-into-the-light-2025\" target=\"_blank\" data-cp-link=\"1\">Lees meer<\/a><\/div> <div  class=\"col-sm-6\" data-type=\"column\"> <img decoding=\"async\"  class=\"shadow-large\" src=\"https:\/\/spcsteenwijk.nl\/wp-content\/uploads\/2025\/03\/230907WITL_Vianen-scaled.jpg\" title=\"230907WITL_Vianen\" alt=\"\"><\/div> <\/div><\/div> <\/div><div  data-label=\"Proces\" data-id=\"content--1\" data-export-id=\"content-8\" data-category=\"content\" class=\"content-8 content-section content-section-spacing\" id=\"proces\" style=\"background-color: rgb(255, 255, 255); background-image: none;\"><div  class=\"gridContainer\"> <div  class=\"row middle-sm\"><div  class=\"col-sm-6 space-bottom-xs space-top-xs\" data-type=\"column\"> <img  decoding=\"async\" class=\"shadow-large\" src=\"https:\/\/spcsteenwijk.nl\/wp-content\/uploads\/2023\/10\/Leaping-salmon-Neil-MacIntyre-1200x800-1.jpg.webp\" title=\"Leaping-salmon-Neil-MacIntyre-1200x800-1.jpg\" alt=\"\"><\/div> <div  class=\"col-sm-6\" data-type=\"column\"><h2  class=\"\">Het Suicideproces: Zwemmen tegen de stroom in<\/h2> <p  class=\"\">Als je met su\u00efcidale gedachten rondloopt is het moeilijk om hiermee om te gaan. Je wilt ze het liefste kwijt, maar hoe doe je dat? Je kunt ze niet zomaar aan de kant schuiven, dat heb ik helaas zelf ook ondervonden. Je kunt ze wel onderdrukken, ontkennen, maar in de meeste gevallen komen ze vanzelf weer terug. Meestal veel heftiger dan je in eerste instantie hebt ervaren.<\/p> <a  class=\"button color1\" href=\"https:\/\/www.suicidepreventiecentrum.nl\/spc\/het-suicideproces-zwemmen-tegen-de-stroom-in\" target=\"_blank\" data-cp-link=\"1\" rel=\"noopener\">Lees meer<\/a><\/div> <\/div><\/div> <\/div><div  data-label=\"Naasten\" data-id=\"about--1\" data-export-id=\"about-9\" data-category=\"about\" class=\"about-9 content-section content-section-spacing\" id=\"naasten\" style=\"background-color: rgb(245, 250, 253); background-image: none;\"><div  class=\"gridContainer\"> <div  class=\"row middle-sm text-center\"><div  class=\"col-sm-5 space-bottom-xs content-column content-center-sm\" data-type=\"column\">  <h2  class=\"\">Leven met een su\u00efcidale naaste<\/h2> <p  class=\"\">MIND Ypsilon heeft een brochure uitgebracht waarin niet alleen ervaringen, informatie en tips over het omgaan met je su\u00efcidale naaste opgenomen zijn, maar ook hoe je als naaste op de been kunt blijven.<\/p> <a  class=\"button color1\" href=\"https:\/\/www.suicidepreventiecentrum.nl\/sdm_downloads\/leven-met-een-suicidale-naaste\" target=\"_blank\" data-cp-link=\"1\" rel=\"noopener\">Brochure<\/a><\/div> <div  class=\"col-sm-7 flexbox flexbox middle-xs center-xs space-bottom-xs\"><div  class=\"overlay-box flexbox middle-xs center-xs overlay-holder \"> <div  class=\"overlay-box-offset shadow-medium bg-color2 hide-xs offset-border\"><\/div> <img  decoding=\"async\" class=\"flexbox shadow-large img1\" src=\"https:\/\/spcsteenwijk.nl\/wp-content\/uploads\/2023\/10\/Schermafbeelding-2020-12-11-om-13.17.02.png.webp\" data-size=\"600x400\" title=\"Brochure afbeelding\" alt=\"\"><\/div> <\/div><\/div> <\/div><\/div><div  id=\"cta-1\" data-label=\"Cta\" data-id=\"cta-blue-section\" data-export-id=\"cta-blue-section\" data-category=\"cta\" class=\"cta-blue-section content-section content-section-spacing-medium bg-color1 white-text\"><div  class=\"gridContainer\"> <div  class=\"row middle-xs\"><div  class=\"col-sm-8 space-bottom-xs\" data-type=\"column\"> <h2  class=\"\">Wilt u op de hoogte blijven van onze activiteiten? Meld u dan aan voor de nieuwsbrief.<\/h2> <\/div> <div  class=\"col-sm-4 end-sm\" data-type=\"column\"> <a  class=\"button color2\" href=\"https:\/\/spcsteenwijk.nl\/index.php\/aanmelden-nieuwsbrief\" target=\"_blank\" data-cp-link=\"1\" rel=\"noopener\">Aanmelden<\/a><\/div> <\/div><\/div> <\/div><div  id=\"contact-1\" data-label=\"Contact\" data-id=\"contact-1\" data-export-id=\"contact-1\" data-category=\"contact\" class=\"contact-1 content-section content-section-spacing white-text\" data-parallax-depth=\"20\"><div  class=\"gridContainer\"> <div  class=\"row text-center\"><div  class=\"section-title-col\" data-type=\"column\"> <h2  class=\"\">Contact<\/h2> <p  class=\"lead\">Heb je een vraag of wil je weten wat wij voor je kunnen betekenen? Neem dan contact met ons op via onderstaand contactformulier.<\/p><\/div> <\/div> <div  class=\"row text-center\"> <div  class=\"col-xs-12 col-sm-8 col-sm-offset-2 contact-form-wrapper inline-info\"> <div  class=\"card large-padding\"> <div  class=\"\" data-content-shortcode=\"mesmerize_contact_form shortcode=&quot;wpforms id=&amp;amp;quot;39&amp;amp;quot;&quot;\" data-editable=\"true\"><div class=\"wpforms-container wpforms-container-full\" id=\"wpforms-39\"><form id=\"wpforms-form-39\" class=\"wpforms-validate wpforms-form wpforms-ajax-form\" data-formid=\"39\" method=\"post\" enctype=\"multipart\/form-data\" action=\"\/index.php\/wp-json\/wp\/v2\/pages\/5\" data-token=\"c36d3ea19fdad5c20ae82f866119ea14\" data-token-time=\"1775881766\"><noscript class=\"wpforms-error-noscript\">Schakel JavaScript in je browser in om dit formulier in te vullen.<\/noscript><div class=\"wpforms-field-container\"><div id=\"wpforms-39-field_0-container\" class=\"wpforms-field wpforms-field-name\" data-field-id=\"0\"><label class=\"wpforms-field-label\">Naam <span class=\"wpforms-required-label\">*<\/span><\/label><div class=\"wpforms-field-row wpforms-field-medium\"><div class=\"wpforms-field-row-block wpforms-first wpforms-one-half\"><input type=\"text\" id=\"wpforms-39-field_0\" class=\"wpforms-field-name-first wpforms-field-required\" name=\"wpforms[fields][0][first]\" required><label for=\"wpforms-39-field_0\" class=\"wpforms-field-sublabel after\">Voornaam<\/label><\/div><div class=\"wpforms-field-row-block wpforms-one-half\"><input type=\"text\" id=\"wpforms-39-field_0-last\" class=\"wpforms-field-name-last wpforms-field-required\" name=\"wpforms[fields][0][last]\" required><label for=\"wpforms-39-field_0-last\" class=\"wpforms-field-sublabel after\">Achternaam<\/label><\/div><\/div><\/div><div id=\"wpforms-39-field_1-container\" class=\"wpforms-field wpforms-field-email\" data-field-id=\"1\"><label class=\"wpforms-field-label\" for=\"wpforms-39-field_1\">Email <span class=\"wpforms-required-label\">*<\/span><\/label><input type=\"email\" id=\"wpforms-39-field_1\" class=\"wpforms-field-medium wpforms-field-required\" name=\"wpforms[fields][1]\" spellcheck=\"false\" required><\/div><div id=\"wpforms-39-field_2-container\" class=\"wpforms-field wpforms-field-textarea\" data-field-id=\"2\"><label class=\"wpforms-field-label\" for=\"wpforms-39-field_2\">Opmerking of vraag <span class=\"wpforms-required-label\">*<\/span><\/label><textarea id=\"wpforms-39-field_2\" class=\"wpforms-field-medium wpforms-field-required\" name=\"wpforms[fields][2]\" required><\/textarea><\/div><\/div><!-- .wpforms-field-container --><div class=\"wpforms-submit-container\" ><input type=\"hidden\" name=\"wpforms[id]\" value=\"39\"><input type=\"hidden\" name=\"page_title\" value=\"\"><input type=\"hidden\" name=\"page_url\" value=\"https:\/\/spcsteenwijk.nl\/index.php\/wp-json\/wp\/v2\/pages\/5\"><input type=\"hidden\" name=\"url_referer\" value=\"\"><button type=\"submit\" name=\"wpforms[submit]\" id=\"wpforms-submit-39\" class=\"wpforms-submit\" data-alt-text=\"Sending...\" data-submit-text=\"Versturen\" aria-live=\"assertive\" value=\"wpforms-submit\">Versturen<\/button><img loading=\"lazy\" decoding=\"async\" src=\"https:\/\/spcsteenwijk.nl\/wp-content\/plugins\/wpforms-lite\/assets\/images\/submit-spin.svg\" class=\"wpforms-submit-spinner\" style=\"display: none;\" width=\"26\" height=\"26\" alt=\"Bezig met laden\"><\/div><\/form><\/div>  <!-- .wpforms-container --><\/div><\/div> <\/div><\/div> <\/div><\/div>","protected":false},"excerpt":{"rendered":"<p>Lotgenotencontact Waarom zou je met anderen praten over je suicidale gedachten? En met wie zou je dan kunnen praten?Lees meer Koffie en een luisterend oor Soms wil je gewoon even met iemand praten. Gewoon bij een kopje koffie even je gedachten uitspreken, je hart luchten.Lees meer Individuele ondersteuning Anker is een preventieve aanpak om mensen&hellip; <br \/> <a class=\"read-more\" href=\"https:\/\/spcsteenwijk.nl\/\">Lees verder<\/a><\/p>\n","protected":false},"author":1,"featured_media":0,"parent":0,"menu_order":0,"comment_status":"closed","ping_status":"closed","template":"page-templates\/homepage.php","meta":{"footnotes":""},"class_list":["post-5","page","type-page","status-publish","hentry"],"jetpack_sharing_enabled":true,"_links":{"self":[{"href":"https:\/\/spcsteenwijk.nl\/index.php\/wp-json\/wp\/v2\/pages\/5","targetHints":{"allow":["GET"]}}],"collection":[{"href":"https:\/\/spcsteenwijk.nl\/index.php\/wp-json\/wp\/v2\/pages"}],"about":[{"href":"https:\/\/spcsteenwijk.nl\/index.php\/wp-json\/wp\/v2\/types\/page"}],"author":[{"embeddable":true,"href":"https:\/\/spcsteenwijk.nl\/index.php\/wp-json\/wp\/v2\/users\/1"}],"replies":[{"embeddable":true,"href":"https:\/\/spcsteenwijk.nl\/index.php\/wp-json\/wp\/v2\/comments?post=5"}],"version-history":[{"count":29,"href":"https:\/\/spcsteenwijk.nl\/index.php\/wp-json\/wp\/v2\/pages\/5\/revisions"}],"predecessor-version":[{"id":263,"href":"https:\/\/spcsteenwijk.nl\/index.php\/wp-json\/wp\/v2\/pages\/5\/revisions\/263"}],"wp:attachment":[{"href":"https:\/\/spcsteenwijk.nl\/index.php\/wp-json\/wp\/v2\/media?parent=5"}],"curies":[{"name":"wp","href":"https:\/\/api.w.org\/{rel}","templated":true}]}}